{"id":61,"date":"2021-05-10T08:53:00","date_gmt":"2021-05-10T08:53:00","guid":{"rendered":"https:\/\/bpt.vizea.si\/?page_id=61"},"modified":"2021-05-13T11:51:03","modified_gmt":"2021-05-13T11:51:03","slug":"about-bpt","status":"publish","type":"page","link":"https:\/\/bpt.vizea.si\/en\/about-bpt\/","title":{"rendered":"About BPT"},"content":{"rendered":"\n<p>BPT was established by Edmund Glanzmann in 1985 as a cotton spinning and weaving mill. At its peak BPT employed more than 1.500 people. Due to lack of power, BPT built its first hydropower plant in 1902 and by year 1934 there were four hydropower plants built along stream Mo\u0161enik.<\/p>\n\n\n\n<p>BPT stopped textile production in Tr\u017ei\u010d in 2004, and since than BPT\u2019s main activity is production of green energy. All four power plants were renewed between 2007 and 2014, they are completely automated today. Next to energy production, we are managing several real estates in Tr\u017ei\u010d, Kranj and Ljubljana. We are currently reviving ex-factory complex in Tr\u017ei\u010d, that will soon become a lively place full of different business and social activities.<\/p>\n\n\n<ul class=\"exp-gallery grid gap-xs js-exp-gallery padding-y-md\" data-controls=\"expLightbox\" data-placeholder=\"\"><li class=\"col-12 col-6@xs col-3@sm js-exp-gallery__item\"><figure><img src=\"https:\/\/bpt.vizea.si\/wp-content\/uploads\/2021\/05\/9990.jpg\" data-modal-src=\"https:\/\/bpt.vizea.si\/wp-content\/uploads\/2021\/05\/9990.jpg\" alt=\"Image Description\"><figcaption class=\"js-exp-gallery__caption\"><\/figcaption><\/figure><\/li><li class=\"col-12 col-6@xs col-3@sm js-exp-gallery__item\"><figure><img src=\"https:\/\/bpt.vizea.si\/wp-content\/uploads\/2021\/05\/9991.jpg\" data-modal-src=\"https:\/\/bpt.vizea.si\/wp-content\/uploads\/2021\/05\/9991.jpg\" alt=\"Image Description\"><figcaption class=\"js-exp-gallery__caption\"><\/figcaption><\/figure><\/li><li class=\"col-12 col-6@xs col-3@sm js-exp-gallery__item\"><figure><img src=\"https:\/\/bpt.vizea.si\/wp-content\/uploads\/2021\/05\/9992.jpg\" data-modal-src=\"https:\/\/bpt.vizea.si\/wp-content\/uploads\/2021\/05\/9992.jpg\" alt=\"Image Description\"><figcaption class=\"js-exp-gallery__caption\"><\/figcaption><\/figure><\/li><li class=\"col-12 col-6@xs col-3@sm js-exp-gallery__item\"><figure><img src=\"https:\/\/bpt.vizea.si\/wp-content\/uploads\/2021\/05\/IMG_6556-scaled.jpg\" data-modal-src=\"https:\/\/bpt.vizea.si\/wp-content\/uploads\/2021\/05\/IMG_6556-scaled.jpg\" alt=\"Image Description\"><figcaption class=\"js-exp-gallery__caption\">The view of the factory courtyard of Cotton and spinning mill BPT<\/figcaption><\/figure><\/li><li class=\"col-12 col-6@xs col-3@sm js-exp-gallery__item\"><figure><img src=\"https:\/\/bpt.vizea.si\/wp-content\/uploads\/2021\/05\/IMG_6567-scaled.jpg\" data-modal-src=\"https:\/\/bpt.vizea.si\/wp-content\/uploads\/2021\/05\/IMG_6567-scaled.jpg\" alt=\"Image Description\"><figcaption class=\"js-exp-gallery__caption\">The painting \u00bbWeaver working on loom\u00ab was a gift at 100th anniversary of BPT, author: \u00bbMilan Blagojevi\u010d\u00ab<\/figcaption><\/figure><\/li><li class=\"col-12 col-6@xs col-3@sm js-exp-gallery__item\"><figure><img src=\"https:\/\/bpt.vizea.si\/wp-content\/uploads\/2021\/05\/IMG_6606-scaled.jpg\" data-modal-src=\"https:\/\/bpt.vizea.si\/wp-content\/uploads\/2021\/05\/IMG_6606-scaled.jpg\" alt=\"Image Description\"><figcaption class=\"js-exp-gallery__caption\">Maksim Gaspari: Spinner, 1947<\/figcaption><\/figure><\/li><li class=\"col-12 col-6@xs col-3@sm js-exp-gallery__item\"><figure><img src=\"https:\/\/bpt.vizea.si\/wp-content\/uploads\/2021\/05\/IMG_6616-scaled.jpg\" data-modal-src=\"https:\/\/bpt.vizea.si\/wp-content\/uploads\/2021\/05\/IMG_6616-scaled.jpg\" alt=\"Image Description\"><figcaption class=\"js-exp-gallery__caption\">Maksim Gaspari: man in Upper Carniolean ethinc costume, 1947<\/figcaption><\/figure><\/li><li class=\"col-12 col-6@xs col-3@sm js-exp-gallery__item\"><figure><img src=\"https:\/\/bpt.vizea.si\/wp-content\/uploads\/2021\/05\/IMG_6621-scaled.jpg\" data-modal-src=\"https:\/\/bpt.vizea.si\/wp-content\/uploads\/2021\/05\/IMG_6621-scaled.jpg\" alt=\"Image Description\"><figcaption class=\"js-exp-gallery__caption\">Maksim Gaspari: Spinner with spinning wheel, 1947<\/figcaption><\/figure><\/li><li class=\"col-12 col-6@xs col-3@sm js-exp-gallery__item\"><figure><img src=\"https:\/\/bpt.vizea.si\/wp-content\/uploads\/2021\/05\/IMG_6621_znak.jpg\" data-modal-src=\"https:\/\/bpt.vizea.si\/wp-content\/uploads\/2021\/05\/IMG_6621_znak.jpg\" alt=\"Image Description\"><figcaption class=\"js-exp-gallery__caption\"><\/figcaption><\/figure><\/li><li class=\"col-12 col-6@xs col-3@sm js-exp-gallery__item\"><figure><img src=\"https:\/\/bpt.vizea.si\/wp-content\/uploads\/2021\/05\/IMG_6641-scaled.jpg\" data-modal-src=\"https:\/\/bpt.vizea.si\/wp-content\/uploads\/2021\/05\/IMG_6641-scaled.jpg\" alt=\"Image Description\"><figcaption class=\"js-exp-gallery__caption\">The view of E. Glanzmann&#8217;s and A. Gassner&#8217;s Cotton and spinning mill, Tr\u017ei\u010d, 1937, author: Santo Lucas<\/figcaption><\/figure><\/li><li class=\"col-12 col-6@xs col-3@sm js-exp-gallery__item\"><figure><img src=\"https:\/\/bpt.vizea.si\/wp-content\/uploads\/2021\/05\/IMG_6666-scaled.jpg\" data-modal-src=\"https:\/\/bpt.vizea.si\/wp-content\/uploads\/2021\/05\/IMG_6666-scaled.jpg\" alt=\"Image Description\"><figcaption class=\"js-exp-gallery__caption\"><\/figcaption><\/figure><\/li><\/ul>","protected":false},"excerpt":{"rendered":"<p>BPT was established by Edmund Glanzmann in 1985 as a cotton spinning and weaving mill. At its peak BPT employed more than 1.500 people. Due to lack of power, BPT built its first hydropower plant in 1902 and by year 1934 there were four hydropower plants built along stream Mo\u0161enik. BPT stopped textile production in [&hellip;]<\/p>\n","protected":false},"author":1,"featured_media":0,"parent":0,"menu_order":0,"comment_status":"closed","ping_status":"closed","template":"","meta":[],"_links":{"self":[{"href":"https:\/\/bpt.vizea.si\/en\/wp-json\/wp\/v2\/pages\/61"}],"collection":[{"href":"https:\/\/bpt.vizea.si\/en\/wp-json\/wp\/v2\/pages"}],"about":[{"href":"https:\/\/bpt.vizea.si\/en\/wp-json\/wp\/v2\/types\/page"}],"author":[{"embeddable":true,"href":"https:\/\/bpt.vizea.si\/en\/wp-json\/wp\/v2\/users\/1"}],"replies":[{"embeddable":true,"href":"https:\/\/bpt.vizea.si\/en\/wp-json\/wp\/v2\/comments?post=61"}],"version-history":[{"count":4,"href":"https:\/\/bpt.vizea.si\/en\/wp-json\/wp\/v2\/pages\/61\/revisions"}],"predecessor-version":[{"id":280,"href":"https:\/\/bpt.vizea.si\/en\/wp-json\/wp\/v2\/pages\/61\/revisions\/280"}],"wp:attachment":[{"href":"https:\/\/bpt.vizea.si\/en\/wp-json\/wp\/v2\/media?parent=61"}],"curies":[{"name":"wp","href":"https:\/\/api.w.org\/{rel}","templated":true}]}}