{"id":53,"date":"2021-05-10T08:44:17","date_gmt":"2021-05-10T08:44:17","guid":{"rendered":"https:\/\/bpt.vizea.si\/?page_id=53"},"modified":"2021-05-10T08:44:19","modified_gmt":"2021-05-10T08:44:19","slug":"welcome","status":"publish","type":"page","link":"https:\/\/bpt.vizea.si\/en\/","title":{"rendered":"Welcome!"},"content":{"rendered":"\n<p>BPT d.o.o. is a successor of \u201cBomba\u017ena predilnica in tkalnica Tr\u017ei\u010d\u201d \u2013 a cotton spinning and weaving mill, which was established in 1985. Our primary activity is renewable energy production from four small hydropower plants along the stream of Mo\u0161enik. Next to energy production, we are managing several real estates in Tr\u017ei\u010d, Kranj and Ljubljana. We are currently reviving ex-factory complex in Tr\u017ei\u010d, that will soon become a lively place full of different business and social activities.<\/p>\n","protected":false},"excerpt":{"rendered":"<p>BPT d.o.o. is a successor of \u201cBomba\u017ena predilnica in tkalnica Tr\u017ei\u010d\u201d \u2013 a cotton spinning and weaving mill, which was established in 1985. Our primary activity is renewable energy production from four small hydropower plants along the stream of Mo\u0161enik. Next to energy production, we are managing several real estates in Tr\u017ei\u010d, Kranj and Ljubljana. [&hellip;]<\/p>\n","protected":false},"author":1,"featured_media":0,"parent":0,"menu_order":0,"comment_status":"closed","ping_status":"closed","template":"front-page.php","meta":[],"_links":{"self":[{"href":"https:\/\/bpt.vizea.si\/en\/wp-json\/wp\/v2\/pages\/53"}],"collection":[{"href":"https:\/\/bpt.vizea.si\/en\/wp-json\/wp\/v2\/pages"}],"about":[{"href":"https:\/\/bpt.vizea.si\/en\/wp-json\/wp\/v2\/types\/page"}],"author":[{"embeddable":true,"href":"https:\/\/bpt.vizea.si\/en\/wp-json\/wp\/v2\/users\/1"}],"replies":[{"embeddable":true,"href":"https:\/\/bpt.vizea.si\/en\/wp-json\/wp\/v2\/comments?post=53"}],"version-history":[{"count":1,"href":"https:\/\/bpt.vizea.si\/en\/wp-json\/wp\/v2\/pages\/53\/revisions"}],"predecessor-version":[{"id":54,"href":"https:\/\/bpt.vizea.si\/en\/wp-json\/wp\/v2\/pages\/53\/revisions\/54"}],"wp:attachment":[{"href":"https:\/\/bpt.vizea.si\/en\/wp-json\/wp\/v2\/media?parent=53"}],"curies":[{"name":"wp","href":"https:\/\/api.w.org\/{rel}","templated":true}]}}